{"id":171,"date":"2015-08-07T10:28:42","date_gmt":"2015-08-07T13:28:42","guid":{"rendered":"http:\/\/bariloche.org\/english\/?page_id=171"},"modified":"2024-11-02T16:03:38","modified_gmt":"2024-11-02T19:03:38","slug":"fale-conosco","status":"publish","type":"page","link":"https:\/\/bariloche.org\/brasil\/fale-conosco\/","title":{"rendered":"Fale Conosco"},"content":{"rendered":"<div class=\"wpb-content-wrapper\"><p>[vc_row][vc_column width=&#8221;1\/2&#8243;][vc_column_text css=&#8221;&#8221;]<\/p>\n<p class=\"gral contenedor-gral\" style=\"text-align: center;\"><span class=\"jCAhz\"><span class=\"ryNqvb\">Por favor, preencha o seguinte formul\u00e1rio para entrar em contato conosco, todos os dados s\u00e3o obrigat\u00f3rios.<\/span><\/span><\/p>\n<p class=\"gral contenedor-gral\" style=\"text-align: center;\"><span class=\"jCAhz ChMk0b\"><span class=\"ryNqvb\">Se voc\u00ea ainda n\u00e3o \u00e9 um Cliente, mas gostaria de ser listado no Diret\u00f3rio, <a href=\"https:\/\/bariloche.org\/brasil\/add-directory-listing\">adicione seus detalhes aqui<\/a> e entraremos em contato para discutir as op\u00e7\u00f5es de listagem.<\/span><\/span><\/p>\n<p class=\"parrafo-gral\" style=\"text-align: center;\"><strong>San Carlos de Bariloche<br \/>\nR\u00edo Negro &#8211; Argentina<\/strong><\/p>\n<p>[\/vc_column_text][\/vc_column][vc_column width=&#8221;1\/2&#8243;]<form class=\"dt-contact-form dt-form\" method=\"post\"><input type=\"hidden\" name=\"widget_id\" value=\"presscore-contact-form-widget--1\" \/><input type=\"hidden\" name=\"send_message\" value=\"\" \/><input type=\"hidden\" name=\"security_token\" value=\"61f41098eb37459a77c6\"\/><div class=\"form-fields\"><span class=\"form-name\"><label class=\"assistive-text\">Nome *<\/label><input type=\"text\" class=\"validate[required]\" placeholder=\"Nome *\" name=\"name\" value=\"\" aria-required=\"true\">\n<\/span><span class=\"form-mail\"><label class=\"assistive-text\">E-mail *<\/label><input type=\"text\" class=\"validate[required,custom[email]]\" placeholder=\"E-mail *\" name=\"email\" value=\"\" aria-required=\"true\">\n<\/span><\/div><span class=\"form-message\"><label class=\"assistive-text\">Mensagem *<\/label><textarea class=\"validate[required]\" placeholder=\"Mensagem *\" name=\"message\" rows=\"6\" aria-required=\"true\"><\/textarea>\n<\/span><div class=\"the7-g-captcha\"><\/div><p><a href=\"#\" class=\"dt-btn dt-btn-m dt-btn-submit\" rel=\"nofollow\"><span>Submit<\/span><\/a><input class=\"assistive-text\" type=\"submit\" value=\"enviar\"><\/p><\/form>\n[\/vc_column][\/vc_row]<\/p>\n<\/div>","protected":false},"excerpt":{"rendered":"<p>[vc_row][vc_column width=&#8221;1\/2&#8243;][vc_column_text css=&#8221;&#8221;] Por favor, preencha o seguinte formul\u00e1rio para entrar em contato conosco, todos os dados s\u00e3o obrigat\u00f3rios. Se voc\u00ea ainda n\u00e3o \u00e9 um Cliente, mas gostaria de ser listado no Diret\u00f3rio, adicione seus detalhes aqui e entraremos em contato para discutir as op\u00e7\u00f5es de listagem. San Carlos de Bariloche R\u00edo Negro &#8211; Argentina&hellip;<\/p>\n","protected":false},"author":1,"featured_media":0,"parent":0,"menu_order":0,"comment_status":"closed","ping_status":"closed","template":"","meta":{"_monsterinsights_skip_tracking":false,"_monsterinsights_sitenote_active":false,"_monsterinsights_sitenote_note":"","_monsterinsights_sitenote_category":0,"footnotes":""},"class_list":["post-171","page","type-page","status-publish","hentry","description-off"],"yoast_head":"<!-- This site is optimized with the Yoast SEO plugin v27.4 - https:\/\/yoast.com\/product\/yoast-seo-wordpress\/ -->\n<title>Fale Conosco - Bariloche, Patagonia Argentina<\/title>\n<meta name=\"description\" content=\"Anuncie no Bariloche.org, o primeiro site de turismo em Bariloche. Todas as op\u00e7\u00f5es em um s\u00f3 lugar. Consulte-nos!\" \/>\n<meta name=\"robots\" content=\"index, follow, max-snippet:-1, max-image-preview:large, max-video-preview:-1\" \/>\n<link rel=\"canonical\" href=\"https:\/\/bariloche.org\/brasil\/fale-conosco\/\" \/>\n<meta property=\"og:locale\" content=\"pt_BR\" \/>\n<meta property=\"og:type\" content=\"article\" \/>\n<meta property=\"og:title\" content=\"Fale Conosco - Bariloche, Patagonia Argentina\" \/>\n<meta property=\"og:description\" content=\"Anuncie no Bariloche.org, o primeiro site de turismo em Bariloche. Todas as op\u00e7\u00f5es em um s\u00f3 lugar. Consulte-nos!\" \/>\n<meta property=\"og:url\" content=\"https:\/\/bariloche.org\/brasil\/fale-conosco\/\" \/>\n<meta property=\"og:site_name\" content=\"Acomoda\u00e7\u00f5es em Bariloche, Aluguel de Carros, Excurs\u00f5es - Patagonia Argentina\" \/>\n<meta property=\"article:publisher\" content=\"https:\/\/www.facebook.com\/www.bariloche.org\" \/>\n<meta property=\"article:modified_time\" content=\"2024-11-02T19:03:38+00:00\" \/>\n<meta name=\"twitter:card\" content=\"summary_large_image\" \/>\n<meta name=\"twitter:site\" content=\"@bariloche\" \/>\n<meta name=\"twitter:label1\" content=\"Est. tempo de leitura\" \/>\n\t<meta name=\"twitter:data1\" content=\"1 minuto\" \/>\n<script type=\"application\/ld+json\" class=\"yoast-schema-graph\">{\"@context\":\"https:\\\/\\\/schema.org\",\"@graph\":[{\"@type\":\"WebPage\",\"@id\":\"https:\\\/\\\/bariloche.org\\\/brasil\\\/fale-conosco\\\/\",\"url\":\"https:\\\/\\\/bariloche.org\\\/brasil\\\/fale-conosco\\\/\",\"name\":\"Fale Conosco - Bariloche, Patagonia Argentina\",\"isPartOf\":{\"@id\":\"https:\\\/\\\/bariloche.org\\\/brasil\\\/#website\"},\"datePublished\":\"2015-08-07T13:28:42+00:00\",\"dateModified\":\"2024-11-02T19:03:38+00:00\",\"description\":\"Anuncie no Bariloche.org, o primeiro site de turismo em Bariloche. Todas as op\u00e7\u00f5es em um s\u00f3 lugar. Consulte-nos!\",\"breadcrumb\":{\"@id\":\"https:\\\/\\\/bariloche.org\\\/brasil\\\/fale-conosco\\\/#breadcrumb\"},\"inLanguage\":\"pt-BR\",\"potentialAction\":[{\"@type\":\"ReadAction\",\"target\":[\"https:\\\/\\\/bariloche.org\\\/brasil\\\/fale-conosco\\\/\"]}]},{\"@type\":\"BreadcrumbList\",\"@id\":\"https:\\\/\\\/bariloche.org\\\/brasil\\\/fale-conosco\\\/#breadcrumb\",\"itemListElement\":[{\"@type\":\"ListItem\",\"position\":1,\"name\":\"Bariloche.Org\",\"item\":\"https:\\\/\\\/bariloche.org\\\/brasil\\\/\"},{\"@type\":\"ListItem\",\"position\":2,\"name\":\"Fale Conosco\"}]},{\"@type\":\"WebSite\",\"@id\":\"https:\\\/\\\/bariloche.org\\\/brasil\\\/#website\",\"url\":\"https:\\\/\\\/bariloche.org\\\/brasil\\\/\",\"name\":\"Acomoda\u00e7\u00f5es em Bariloche, Aluguel de Carros, Excurs\u00f5es - Patagonia Argentina\",\"description\":\"Bariloche: Hot\u00e9is, Bangal\u00f4s e Cabines, Aluguel de Carros, Excurs\u00f5es\",\"publisher\":{\"@id\":\"https:\\\/\\\/bariloche.org\\\/brasil\\\/#organization\"},\"potentialAction\":[{\"@type\":\"SearchAction\",\"target\":{\"@type\":\"EntryPoint\",\"urlTemplate\":\"https:\\\/\\\/bariloche.org\\\/brasil\\\/?s={search_term_string}\"},\"query-input\":{\"@type\":\"PropertyValueSpecification\",\"valueRequired\":true,\"valueName\":\"search_term_string\"}}],\"inLanguage\":\"pt-BR\"},{\"@type\":\"Organization\",\"@id\":\"https:\\\/\\\/bariloche.org\\\/brasil\\\/#organization\",\"name\":\"Bariloche.Org - Patagonia Argentina\",\"url\":\"https:\\\/\\\/bariloche.org\\\/brasil\\\/\",\"logo\":{\"@type\":\"ImageObject\",\"inLanguage\":\"pt-BR\",\"@id\":\"https:\\\/\\\/bariloche.org\\\/brasil\\\/#\\\/schema\\\/logo\\\/image\\\/\",\"url\":\"https:\\\/\\\/bariloche.org\\\/brasil\\\/wp-content\\\/uploads\\\/2017\\\/04\\\/logo-org.png\",\"contentUrl\":\"https:\\\/\\\/bariloche.org\\\/brasil\\\/wp-content\\\/uploads\\\/2017\\\/04\\\/logo-org.png\",\"width\":400,\"height\":86,\"caption\":\"Bariloche.Org - Patagonia Argentina\"},\"image\":{\"@id\":\"https:\\\/\\\/bariloche.org\\\/brasil\\\/#\\\/schema\\\/logo\\\/image\\\/\"},\"sameAs\":[\"https:\\\/\\\/www.facebook.com\\\/www.bariloche.org\",\"https:\\\/\\\/x.com\\\/bariloche\",\"https:\\\/\\\/www.instagram.com\\\/bariloche_org\\\/\",\"https:\\\/\\\/www.pinterest.com\\\/barilocheorg\\\/\",\"https:\\\/\\\/www.youtube.com\\\/c\\\/BarilocheOrg-Patagonia\"]}]}<\/script>\n<!-- \/ Yoast SEO plugin. -->","yoast_head_json":{"title":"Fale Conosco - Bariloche, Patagonia Argentina","description":"Anuncie no Bariloche.org, o primeiro site de turismo em Bariloche. Todas as op\u00e7\u00f5es em um s\u00f3 lugar. Consulte-nos!","robots":{"index":"index","follow":"follow","max-snippet":"max-snippet:-1","max-image-preview":"max-image-preview:large","max-video-preview":"max-video-preview:-1"},"canonical":"https:\/\/bariloche.org\/brasil\/fale-conosco\/","og_locale":"pt_BR","og_type":"article","og_title":"Fale Conosco - Bariloche, Patagonia Argentina","og_description":"Anuncie no Bariloche.org, o primeiro site de turismo em Bariloche. Todas as op\u00e7\u00f5es em um s\u00f3 lugar. Consulte-nos!","og_url":"https:\/\/bariloche.org\/brasil\/fale-conosco\/","og_site_name":"Acomoda\u00e7\u00f5es em Bariloche, Aluguel de Carros, Excurs\u00f5es - Patagonia Argentina","article_publisher":"https:\/\/www.facebook.com\/www.bariloche.org","article_modified_time":"2024-11-02T19:03:38+00:00","twitter_card":"summary_large_image","twitter_site":"@bariloche","twitter_misc":{"Est. tempo de leitura":"1 minuto"},"schema":{"@context":"https:\/\/schema.org","@graph":[{"@type":"WebPage","@id":"https:\/\/bariloche.org\/brasil\/fale-conosco\/","url":"https:\/\/bariloche.org\/brasil\/fale-conosco\/","name":"Fale Conosco - Bariloche, Patagonia Argentina","isPartOf":{"@id":"https:\/\/bariloche.org\/brasil\/#website"},"datePublished":"2015-08-07T13:28:42+00:00","dateModified":"2024-11-02T19:03:38+00:00","description":"Anuncie no Bariloche.org, o primeiro site de turismo em Bariloche. Todas as op\u00e7\u00f5es em um s\u00f3 lugar. Consulte-nos!","breadcrumb":{"@id":"https:\/\/bariloche.org\/brasil\/fale-conosco\/#breadcrumb"},"inLanguage":"pt-BR","potentialAction":[{"@type":"ReadAction","target":["https:\/\/bariloche.org\/brasil\/fale-conosco\/"]}]},{"@type":"BreadcrumbList","@id":"https:\/\/bariloche.org\/brasil\/fale-conosco\/#breadcrumb","itemListElement":[{"@type":"ListItem","position":1,"name":"Bariloche.Org","item":"https:\/\/bariloche.org\/brasil\/"},{"@type":"ListItem","position":2,"name":"Fale Conosco"}]},{"@type":"WebSite","@id":"https:\/\/bariloche.org\/brasil\/#website","url":"https:\/\/bariloche.org\/brasil\/","name":"Acomoda\u00e7\u00f5es em Bariloche, Aluguel de Carros, Excurs\u00f5es - Patagonia Argentina","description":"Bariloche: Hot\u00e9is, Bangal\u00f4s e Cabines, Aluguel de Carros, Excurs\u00f5es","publisher":{"@id":"https:\/\/bariloche.org\/brasil\/#organization"},"potentialAction":[{"@type":"SearchAction","target":{"@type":"EntryPoint","urlTemplate":"https:\/\/bariloche.org\/brasil\/?s={search_term_string}"},"query-input":{"@type":"PropertyValueSpecification","valueRequired":true,"valueName":"search_term_string"}}],"inLanguage":"pt-BR"},{"@type":"Organization","@id":"https:\/\/bariloche.org\/brasil\/#organization","name":"Bariloche.Org - Patagonia Argentina","url":"https:\/\/bariloche.org\/brasil\/","logo":{"@type":"ImageObject","inLanguage":"pt-BR","@id":"https:\/\/bariloche.org\/brasil\/#\/schema\/logo\/image\/","url":"https:\/\/bariloche.org\/brasil\/wp-content\/uploads\/2017\/04\/logo-org.png","contentUrl":"https:\/\/bariloche.org\/brasil\/wp-content\/uploads\/2017\/04\/logo-org.png","width":400,"height":86,"caption":"Bariloche.Org - Patagonia Argentina"},"image":{"@id":"https:\/\/bariloche.org\/brasil\/#\/schema\/logo\/image\/"},"sameAs":["https:\/\/www.facebook.com\/www.bariloche.org","https:\/\/x.com\/bariloche","https:\/\/www.instagram.com\/bariloche_org\/","https:\/\/www.pinterest.com\/barilocheorg\/","https:\/\/www.youtube.com\/c\/BarilocheOrg-Patagonia"]}]}},"_links":{"self":[{"href":"https:\/\/bariloche.org\/brasil\/wp-json\/wp\/v2\/pages\/171","targetHints":{"allow":["GET"]}}],"collection":[{"href":"https:\/\/bariloche.org\/brasil\/wp-json\/wp\/v2\/pages"}],"about":[{"href":"https:\/\/bariloche.org\/brasil\/wp-json\/wp\/v2\/types\/page"}],"author":[{"embeddable":true,"href":"https:\/\/bariloche.org\/brasil\/wp-json\/wp\/v2\/users\/1"}],"replies":[{"embeddable":true,"href":"https:\/\/bariloche.org\/brasil\/wp-json\/wp\/v2\/comments?post=171"}],"version-history":[{"count":9,"href":"https:\/\/bariloche.org\/brasil\/wp-json\/wp\/v2\/pages\/171\/revisions"}],"predecessor-version":[{"id":4481,"href":"https:\/\/bariloche.org\/brasil\/wp-json\/wp\/v2\/pages\/171\/revisions\/4481"}],"wp:attachment":[{"href":"https:\/\/bariloche.org\/brasil\/wp-json\/wp\/v2\/media?parent=171"}],"curies":[{"name":"wp","href":"https:\/\/api.w.org\/{rel}","templated":true}]}}