{"id":2898,"date":"2020-09-16T17:17:08","date_gmt":"2020-09-16T20:17:08","guid":{"rendered":"https:\/\/bariloche.org\/english\/?page_id=2898"},"modified":"2021-05-24T08:51:37","modified_gmt":"2021-05-24T11:51:37","slug":"register","status":"publish","type":"page","link":"https:\/\/bariloche.org\/brasil\/register\/","title":{"rendered":"Registro Clientes \u2013 English Version"},"content":{"rendered":"<p>Gracias por tu inter\u00e9s en registrarte en <strong>Bariloche.Org<\/strong>. En este paso, selecciona un <strong>Nombre de usuario<\/strong> (recomendamos algo simple y sencillo de recordar, ej: jperez, hotel123, etc),\u00a0 ingresa tu <strong>E-mail\u00a0<\/strong>y selecciona una <strong>Contrase\u00f1a<\/strong><\/p>\n\t<div class='user-registration ur-frontend-form  ur-frontend-form--bordered ' id='user-registration-form-2850'>\n\t\t\t\t\t\t\t\t<form method='post' class='register' data-form-id=\"2850\"\n\t\t\t\tdata-enable-strength-password=\"\" data-minimum-password-strength=\"3\"\n\t\t\t\t\t\t\t\t\t\t\t\t\t\t\t data-captcha-enabled=\"1\">\n\n\t\t\t\t<div class=\"ur-form-row\" data-row-id=\"0\">\t\t\t\t\t\t\t<div class=\"ur-form-grid ur-grid-1\"\n\t\t\t\t\t\t\t\tstyle=\"width:48%\">\n\t\t\t\t\t\t\t\t\t\t\t\t\t\t\t\t<div  data-field-id=\"user_login\" class=\"ur-field-item field-user_login \" data-ref-id=\"user_login\" data-field-pattern-enabled=\"0\" data-field-pattern-value=\" \" data-field-pattern-message=\" \">\n\t\t\t\t\t\t\t\t\t\t<div class=\"form-row validate-required\" id=\"user_login_field\" data-priority=\"\" ><label for=\"user_login\" class=\"ur-label\">Ingrese el Usuario que desea utilizar <abbr class=\"required\" title=\"required\">*<\/abbr><\/label> <span class=\"input-wrapper\"> <input  data-rules=\"\" data-id=\"user_login\" type=\"text\" class=\"input-text   input-text ur-frontend-field  \" name=\"user_login\" id=\"user_login\" placeholder=\"\"  value=\"\" required=\"required\" data-label=\"Ingrese el Usuario que desea utilizar\" data-username-character=\"yes\"\/> <\/span> <\/div>\t\t\t\t\t\t\t\t\t<\/div>\n\t\t\t\t\t\t\t\t\t\t\t\t\t\t\t\t\t\t<div  data-field-id=\"first_name\" class=\"ur-field-item field-first_name \" data-ref-id=\"first_name\" data-field-pattern-enabled=\"0\" data-field-pattern-value=\" \" data-field-pattern-message=\" \">\n\t\t\t\t\t\t\t\t\t\t<div class=\"form-row validate-required\" id=\"first_name_field\" data-priority=\"\" ><label for=\"first_name\" class=\"ur-label\">Nombre <abbr class=\"required\" title=\"required\">*<\/abbr><\/label> <span class=\"input-wrapper\"> <input  data-rules=\"\" data-id=\"first_name\" type=\"text\" class=\"input-text   input-text ur-frontend-field  \" name=\"first_name\" id=\"first_name\" placeholder=\"\"  value=\"\" required=\"required\" data-label=\"Nombre\" \/> <\/span> <\/div>\t\t\t\t\t\t\t\t\t<\/div>\n\t\t\t\t\t\t\t\t\t\t\t\t\t\t\t\t\t\t<div  data-field-id=\"last_name\" class=\"ur-field-item field-last_name \" data-ref-id=\"last_name\" data-field-pattern-enabled=\"0\" data-field-pattern-value=\" \" data-field-pattern-message=\" \">\n\t\t\t\t\t\t\t\t\t\t<div class=\"form-row validate-required\" id=\"last_name_field\" data-priority=\"\" ><label for=\"last_name\" class=\"ur-label\">Apellidos <abbr class=\"required\" title=\"required\">*<\/abbr><\/label> <span class=\"input-wrapper\"> <input  data-rules=\"\" data-id=\"last_name\" type=\"text\" class=\"input-text   input-text ur-frontend-field  \" name=\"last_name\" id=\"last_name\" placeholder=\"\"  value=\"\" required=\"required\" data-label=\"Apellidos\" \/> <\/span> <\/div>\t\t\t\t\t\t\t\t\t<\/div>\n\t\t\t\t\t\t\t\t\t\t\t\t\t\t\t\t<\/div>\n\t\t\t\t\t\t\t\t\t\t\t\t\t\t<div class=\"ur-form-grid ur-grid-2\"\n\t\t\t\t\t\t\t\tstyle=\"width:48%\">\n\t\t\t\t\t\t\t\t\t\t\t\t\t\t\t\t<div  data-field-id=\"user_email\" class=\"ur-field-item field-user_email \" data-ref-id=\"user_email\" data-field-pattern-enabled=\"0\" data-field-pattern-value=\" \" data-field-pattern-message=\" \">\n\t\t\t\t\t\t\t\t\t\t<div class=\"form-row validate-required\" id=\"user_email_field\" data-priority=\"\" ><label for=\"user_email\" class=\"ur-label\">Email <abbr class=\"required\" title=\"required\">*<\/abbr><\/label> <span class=\"input-wrapper\"> <input  data-rules=\"\" data-id=\"user_email\" type=\"email\" class=\"input-text   input-email ur-frontend-field  \" name=\"user_email\" id=\"user_email\" placeholder=\"\"  value=\"\" required=\"required\" data-label=\"Email\" \/> <\/span> <\/div>\t\t\t\t\t\t\t\t\t<\/div>\n\t\t\t\t\t\t\t\t\t\t\t\t\t\t\t\t\t\t<div  data-field-id=\"user_pass\" class=\"ur-field-item field-user_pass \" data-ref-id=\"user_pass\" data-field-pattern-enabled=\"0\" data-field-pattern-value=\" \" data-field-pattern-message=\" \">\n\t\t\t\t\t\t\t\t\t\t<div class=\"form-row validate-required hide_show_password\" id=\"user_pass_field\" data-priority=\"\"><label for=\"user_pass\" class=\"ur-label\">Ingrese la Contrase\u00f1a que desea utilizar <abbr class=\"required\" title=\"required\">*<\/abbr><\/label> <span class=\"input-wrapper\"> <span class=\"password-input-group input-form-field-icons\"><input data-rules=\"\" data-id=\"user_pass\" type=\"password\" class=\"input-text  input-password ur-frontend-field  \" name=\"user_pass\" id=\"user_pass\" placeholder=\"\"  value=\"\" required=\"required\" data-label=\"Ingrese la Contrase\u00f1a que desea utilizar\" \/><a href=\"javaScript:void(0)\" class=\"password_preview dashicons dashicons-hidden\" title=\" Show password \"><\/a><\/span> <\/span> <\/div>\t\t\t\t\t\t\t\t\t<\/div>\n\t\t\t\t\t\t\t\t\t\t\t\t\t\t\t\t\t\t<div  data-field-id=\"user_confirm_password\" class=\"ur-field-item field-user_confirm_password \" data-ref-id=\"user_confirm_password\" data-field-pattern-enabled=\"0\" data-field-pattern-value=\" \" data-field-pattern-message=\" \">\n\t\t\t\t\t\t\t\t\t\t<div class=\"form-row validate-required hide_show_password\" id=\"user_confirm_password_field\" data-priority=\"\"><label for=\"user_confirm_password\" class=\"ur-label\">Repita la Contrase\u00f1a Seleccionada <abbr class=\"required\" title=\"required\">*<\/abbr><\/label> <span class=\"input-wrapper\"> <span class=\"password-input-group input-form-field-icons\"><input data-rules=\"\" data-id=\"user_confirm_password\" type=\"password\" class=\"input-text  input-password ur-frontend-field  \" name=\"user_confirm_password\" id=\"user_confirm_password\" placeholder=\"\"  value=\"\" required=\"required\" data-label=\"Repita la Contrase\u00f1a Seleccionada\" \/><a href=\"javaScript:void(0)\" class=\"password_preview dashicons dashicons-hidden\" title=\" Show password \"><\/a><\/span> <\/span> <\/div>\t\t\t\t\t\t\t\t\t<\/div>\n\t\t\t\t\t\t\t\t\t\t\t\t\t\t\t\t<\/div>\n\t\t\t\t\t\t\t\t\t\t\t\t\t<\/div>\n\t\t\t\t\t\t\t\t\t\t\t\t<div id=\"ur-recaptcha-node\"> <div id=\"node_recaptcha_register\" class=\"g-recaptcha\"><\/div><\/div>\t\t\t\t\t\t<div class=\"ur-button-container \" >\n\t\t\t\t\t\t\t\t\t\t\t\t\t\t<button type=\"submit\" class=\"btn button ur-submit-button \"  conditional_rules=\"&quot;&quot;\">\n\t\t\t\t\t\t\t\t<span><\/span>\n\t\t\t\t\t\t\t\tEnviar\t\t\t\t\t\t\t<\/button>\n\t\t\t\t\t\t\t\t\t\t\t\t\t\t\t\t\t\t\t\t<\/div>\n\t\t\t\t\t\t\n\t\t\t\t<div style=\"clear:both\"><\/div>\n\t\t\t\t\t\t\t\t<input type=\"hidden\" name=\"ur-registration-language\" value=\"pt-BR\"\/>\n\t\t\t\t<input type=\"hidden\" name=\"ur-user-form-id\" value=\"2850\"\/>\n\t\t\t\t<input type=\"hidden\" name=\"ur-redirect-url\" value=\"\"\/>\n\t\t\t\t<input type=\"hidden\" id=\"ur_frontend_form_nonce\" name=\"ur_frontend_form_nonce\" value=\"c8e5604c8a\" \/>\n\t\t\t\t\n\t\t\t<\/form>\n\t\t\t\n\t\t<div style=\"clear:both\"><\/div>\n\t<\/div>\n\n\n","protected":false},"excerpt":{"rendered":"<p>Gracias por tu inter\u00e9s en registrarte en Bariloche.Org. En este paso, selecciona un Nombre de usuario (recomendamos algo simple y sencillo de recordar, ej: jperez, hotel123, etc),\u00a0 ingresa tu E-mail\u00a0y selecciona una Contrase\u00f1a<\/p>\n","protected":false},"author":1,"featured_media":0,"parent":0,"menu_order":0,"comment_status":"closed","ping_status":"closed","template":"page_sin_publicidad.php","meta":{"_monsterinsights_skip_tracking":false,"_monsterinsights_sitenote_active":false,"_monsterinsights_sitenote_note":"","_monsterinsights_sitenote_category":0,"footnotes":""},"class_list":["post-2898","page","type-page","status-publish","hentry","description-off"],"yoast_head":"<!-- This site is optimized with the Yoast SEO plugin v27.4 - https:\/\/yoast.com\/product\/yoast-seo-wordpress\/ -->\n<title>Registro Clientes \u2013 English Version - Bariloche, Patagonia Argentina<\/title>\n<meta name=\"robots\" content=\"noindex, follow\" \/>\n<meta property=\"og:locale\" content=\"pt_BR\" \/>\n<meta property=\"og:type\" content=\"article\" \/>\n<meta property=\"og:title\" content=\"Registro Clientes \u2013 English Version - Bariloche, Patagonia Argentina\" \/>\n<meta property=\"og:description\" content=\"Gracias por tu inter\u00e9s en registrarte en Bariloche.Org. En este paso, selecciona un Nombre de usuario (recomendamos algo simple y sencillo de recordar, ej: jperez, hotel123, etc),\u00a0 ingresa tu E-mail\u00a0y selecciona una Contrase\u00f1a\" \/>\n<meta property=\"og:url\" content=\"https:\/\/bariloche.org\/brasil\/register\/\" \/>\n<meta property=\"og:site_name\" content=\"Acomoda\u00e7\u00f5es em Bariloche, Aluguel de Carros, Excurs\u00f5es - Patagonia Argentina\" \/>\n<meta property=\"article:publisher\" content=\"https:\/\/www.facebook.com\/www.bariloche.org\" \/>\n<meta property=\"article:modified_time\" content=\"2021-05-24T11:51:37+00:00\" \/>\n<meta name=\"twitter:card\" content=\"summary_large_image\" \/>\n<meta name=\"twitter:site\" content=\"@bariloche\" \/>\n<meta name=\"twitter:label1\" content=\"Est. tempo de leitura\" \/>\n\t<meta name=\"twitter:data1\" content=\"1 minuto\" \/>\n<script type=\"application\/ld+json\" class=\"yoast-schema-graph\">{\"@context\":\"https:\\\/\\\/schema.org\",\"@graph\":[{\"@type\":\"WebPage\",\"@id\":\"https:\\\/\\\/bariloche.org\\\/brasil\\\/register\\\/\",\"url\":\"https:\\\/\\\/bariloche.org\\\/brasil\\\/register\\\/\",\"name\":\"Registro Clientes \u2013 English Version - Bariloche, Patagonia Argentina\",\"isPartOf\":{\"@id\":\"https:\\\/\\\/bariloche.org\\\/brasil\\\/#website\"},\"datePublished\":\"2020-09-16T20:17:08+00:00\",\"dateModified\":\"2021-05-24T11:51:37+00:00\",\"breadcrumb\":{\"@id\":\"https:\\\/\\\/bariloche.org\\\/brasil\\\/register\\\/#breadcrumb\"},\"inLanguage\":\"pt-BR\",\"potentialAction\":[{\"@type\":\"ReadAction\",\"target\":[\"https:\\\/\\\/bariloche.org\\\/brasil\\\/register\\\/\"]}]},{\"@type\":\"BreadcrumbList\",\"@id\":\"https:\\\/\\\/bariloche.org\\\/brasil\\\/register\\\/#breadcrumb\",\"itemListElement\":[{\"@type\":\"ListItem\",\"position\":1,\"name\":\"Bariloche.Org\",\"item\":\"https:\\\/\\\/bariloche.org\\\/brasil\\\/\"},{\"@type\":\"ListItem\",\"position\":2,\"name\":\"Registro Clientes \u2013 English Version\"}]},{\"@type\":\"WebSite\",\"@id\":\"https:\\\/\\\/bariloche.org\\\/brasil\\\/#website\",\"url\":\"https:\\\/\\\/bariloche.org\\\/brasil\\\/\",\"name\":\"Acomoda\u00e7\u00f5es em Bariloche, Aluguel de Carros, Excurs\u00f5es - Patagonia Argentina\",\"description\":\"Bariloche: Hot\u00e9is, Bangal\u00f4s e Cabines, Aluguel de Carros, Excurs\u00f5es\",\"publisher\":{\"@id\":\"https:\\\/\\\/bariloche.org\\\/brasil\\\/#organization\"},\"potentialAction\":[{\"@type\":\"SearchAction\",\"target\":{\"@type\":\"EntryPoint\",\"urlTemplate\":\"https:\\\/\\\/bariloche.org\\\/brasil\\\/?s={search_term_string}\"},\"query-input\":{\"@type\":\"PropertyValueSpecification\",\"valueRequired\":true,\"valueName\":\"search_term_string\"}}],\"inLanguage\":\"pt-BR\"},{\"@type\":\"Organization\",\"@id\":\"https:\\\/\\\/bariloche.org\\\/brasil\\\/#organization\",\"name\":\"Bariloche.Org - Patagonia Argentina\",\"url\":\"https:\\\/\\\/bariloche.org\\\/brasil\\\/\",\"logo\":{\"@type\":\"ImageObject\",\"inLanguage\":\"pt-BR\",\"@id\":\"https:\\\/\\\/bariloche.org\\\/brasil\\\/#\\\/schema\\\/logo\\\/image\\\/\",\"url\":\"https:\\\/\\\/bariloche.org\\\/brasil\\\/wp-content\\\/uploads\\\/2017\\\/04\\\/logo-org.png\",\"contentUrl\":\"https:\\\/\\\/bariloche.org\\\/brasil\\\/wp-content\\\/uploads\\\/2017\\\/04\\\/logo-org.png\",\"width\":400,\"height\":86,\"caption\":\"Bariloche.Org - Patagonia Argentina\"},\"image\":{\"@id\":\"https:\\\/\\\/bariloche.org\\\/brasil\\\/#\\\/schema\\\/logo\\\/image\\\/\"},\"sameAs\":[\"https:\\\/\\\/www.facebook.com\\\/www.bariloche.org\",\"https:\\\/\\\/x.com\\\/bariloche\",\"https:\\\/\\\/www.instagram.com\\\/bariloche_org\\\/\",\"https:\\\/\\\/www.pinterest.com\\\/barilocheorg\\\/\",\"https:\\\/\\\/www.youtube.com\\\/c\\\/BarilocheOrg-Patagonia\"]}]}<\/script>\n<!-- \/ Yoast SEO plugin. -->","yoast_head_json":{"title":"Registro Clientes \u2013 English Version - Bariloche, Patagonia Argentina","robots":{"index":"noindex","follow":"follow"},"og_locale":"pt_BR","og_type":"article","og_title":"Registro Clientes \u2013 English Version - Bariloche, Patagonia Argentina","og_description":"Gracias por tu inter\u00e9s en registrarte en Bariloche.Org. En este paso, selecciona un Nombre de usuario (recomendamos algo simple y sencillo de recordar, ej: jperez, hotel123, etc),\u00a0 ingresa tu E-mail\u00a0y selecciona una Contrase\u00f1a","og_url":"https:\/\/bariloche.org\/brasil\/register\/","og_site_name":"Acomoda\u00e7\u00f5es em Bariloche, Aluguel de Carros, Excurs\u00f5es - Patagonia Argentina","article_publisher":"https:\/\/www.facebook.com\/www.bariloche.org","article_modified_time":"2021-05-24T11:51:37+00:00","twitter_card":"summary_large_image","twitter_site":"@bariloche","twitter_misc":{"Est. tempo de leitura":"1 minuto"},"schema":{"@context":"https:\/\/schema.org","@graph":[{"@type":"WebPage","@id":"https:\/\/bariloche.org\/brasil\/register\/","url":"https:\/\/bariloche.org\/brasil\/register\/","name":"Registro Clientes \u2013 English Version - Bariloche, Patagonia Argentina","isPartOf":{"@id":"https:\/\/bariloche.org\/brasil\/#website"},"datePublished":"2020-09-16T20:17:08+00:00","dateModified":"2021-05-24T11:51:37+00:00","breadcrumb":{"@id":"https:\/\/bariloche.org\/brasil\/register\/#breadcrumb"},"inLanguage":"pt-BR","potentialAction":[{"@type":"ReadAction","target":["https:\/\/bariloche.org\/brasil\/register\/"]}]},{"@type":"BreadcrumbList","@id":"https:\/\/bariloche.org\/brasil\/register\/#breadcrumb","itemListElement":[{"@type":"ListItem","position":1,"name":"Bariloche.Org","item":"https:\/\/bariloche.org\/brasil\/"},{"@type":"ListItem","position":2,"name":"Registro Clientes \u2013 English Version"}]},{"@type":"WebSite","@id":"https:\/\/bariloche.org\/brasil\/#website","url":"https:\/\/bariloche.org\/brasil\/","name":"Acomoda\u00e7\u00f5es em Bariloche, Aluguel de Carros, Excurs\u00f5es - Patagonia Argentina","description":"Bariloche: Hot\u00e9is, Bangal\u00f4s e Cabines, Aluguel de Carros, Excurs\u00f5es","publisher":{"@id":"https:\/\/bariloche.org\/brasil\/#organization"},"potentialAction":[{"@type":"SearchAction","target":{"@type":"EntryPoint","urlTemplate":"https:\/\/bariloche.org\/brasil\/?s={search_term_string}"},"query-input":{"@type":"PropertyValueSpecification","valueRequired":true,"valueName":"search_term_string"}}],"inLanguage":"pt-BR"},{"@type":"Organization","@id":"https:\/\/bariloche.org\/brasil\/#organization","name":"Bariloche.Org - Patagonia Argentina","url":"https:\/\/bariloche.org\/brasil\/","logo":{"@type":"ImageObject","inLanguage":"pt-BR","@id":"https:\/\/bariloche.org\/brasil\/#\/schema\/logo\/image\/","url":"https:\/\/bariloche.org\/brasil\/wp-content\/uploads\/2017\/04\/logo-org.png","contentUrl":"https:\/\/bariloche.org\/brasil\/wp-content\/uploads\/2017\/04\/logo-org.png","width":400,"height":86,"caption":"Bariloche.Org - Patagonia Argentina"},"image":{"@id":"https:\/\/bariloche.org\/brasil\/#\/schema\/logo\/image\/"},"sameAs":["https:\/\/www.facebook.com\/www.bariloche.org","https:\/\/x.com\/bariloche","https:\/\/www.instagram.com\/bariloche_org\/","https:\/\/www.pinterest.com\/barilocheorg\/","https:\/\/www.youtube.com\/c\/BarilocheOrg-Patagonia"]}]}},"_links":{"self":[{"href":"https:\/\/bariloche.org\/brasil\/wp-json\/wp\/v2\/pages\/2898","targetHints":{"allow":["GET"]}}],"collection":[{"href":"https:\/\/bariloche.org\/brasil\/wp-json\/wp\/v2\/pages"}],"about":[{"href":"https:\/\/bariloche.org\/brasil\/wp-json\/wp\/v2\/types\/page"}],"author":[{"embeddable":true,"href":"https:\/\/bariloche.org\/brasil\/wp-json\/wp\/v2\/users\/1"}],"replies":[{"embeddable":true,"href":"https:\/\/bariloche.org\/brasil\/wp-json\/wp\/v2\/comments?post=2898"}],"version-history":[{"count":2,"href":"https:\/\/bariloche.org\/brasil\/wp-json\/wp\/v2\/pages\/2898\/revisions"}],"predecessor-version":[{"id":3265,"href":"https:\/\/bariloche.org\/brasil\/wp-json\/wp\/v2\/pages\/2898\/revisions\/3265"}],"wp:attachment":[{"href":"https:\/\/bariloche.org\/brasil\/wp-json\/wp\/v2\/media?parent=2898"}],"curies":[{"name":"wp","href":"https:\/\/api.w.org\/{rel}","templated":true}]}}