{"id":93,"date":"2015-08-06T15:53:24","date_gmt":"2015-08-06T18:53:24","guid":{"rendered":"http:\/\/bariloche.org\/english\/?page_id=93"},"modified":"2025-09-04T10:29:14","modified_gmt":"2025-09-04T13:29:14","slug":"camera-ao-vivo-do-teleferico","status":"publish","type":"page","link":"https:\/\/bariloche.org\/brasil\/camera-ao-vivo-do-teleferico\/","title":{"rendered":"C\u00e2mera ao Vivo do Telef\u00e9rico"},"content":{"rendered":"<p><center><iframe loading=\"lazy\" src=\"https:\/\/g3.ipcamlive.com\/player\/player.php?alias=685a8622c91cb&amp;skin=white&amp;autoplay=1&amp;disabledownloadbutton=1\" width=\"800px\" height=\"550px\" frameborder=\"0\" allowfullscreen=\"allowfullscreen\"> <\/iframe><\/center><br \/>\n<!-- \/1032966\/bariloche_entre_contenido_1 --><\/p>\n<div id=\"div-gpt-ad-1635603574958-1\"><script>\n    googletag.cmd.push(function() { googletag.display('div-gpt-ad-1635603574958-1'); });\n  <\/script><\/div>\n<table align=\"center\">\n<tbody>\n<tr>\n<td style=\"text-align: center;\" colspan=\"2\"><a href=\"\/brasil\/camera-ao-vivo-do-teleferico\/\">[C\u00e2mera ao Vivo do Telef\u00e9rico]<\/a><\/td>\n<\/tr>\n<tr>\n<td colspan=\"2\"><a href=\"\/brasil\/camera-ao-vivo-do-teleferico\/\"><img decoding=\"async\" class=\"aligncenter\" src=\"\/wp-content\/uploads\/2015\/07\/foto_cam_cable-carril.jpg\" alt=\"C\u00e2mera ao Vivo do Telef\u00e9rico\" width=\"192\" \/><\/a><\/td>\n<\/tr>\n<tr>\n<td style=\"text-align: center;\"><a href=\"\/brasil\/camera-ao-vivo-do-play-park\/\">[C\u00e2mera Play Park]<\/a><\/td>\n<td style=\"text-align: center;\"><a href=\"\/brasil\/camera-ao-vivo-de-punta-nevada\/\">[C\u00e2mera do Telef\u00e9rico Superior]<\/a><\/td>\n<\/tr>\n<tr>\n<td><a href=\"\/brasil\/camera-ao-vivo-do-play-park\/\"><img decoding=\"async\" class=\"aligncenter\" src=\"https:\/\/varitech.ar\/uploads\/cameras\/cam005\/cam005.jpg?312943\" alt=\"C\u00e2mera ao Vivo do Play Park\" width=\"192\" \/><\/a><\/td>\n<td><a href=\"\/brasil\/camera-ao-vivo-de-punta-nevada\/\"><img decoding=\"async\" class=\"aligncenter\" src=\"https:\/\/varitech.ar\/uploads\/cameras\/cam001\/cam001.jpg?551747\" alt=\"C\u00e2mera ao Vivo do Telef\u00e9rico Superior\" width=\"192\" \/><\/a><\/td>\n<\/tr>\n<\/tbody>\n<\/table>\n","protected":false},"excerpt":{"rendered":"<p>[C\u00e2mera ao Vivo do Telef\u00e9rico] [C\u00e2mera Play Park] [C\u00e2mera do Telef\u00e9rico Superior]<\/p>\n","protected":false},"author":1,"featured_media":0,"parent":0,"menu_order":0,"comment_status":"closed","ping_status":"closed","template":"","meta":{"_monsterinsights_skip_tracking":false,"_monsterinsights_sitenote_active":false,"_monsterinsights_sitenote_note":"","_monsterinsights_sitenote_category":0,"footnotes":""},"class_list":["post-93","page","type-page","status-publish","hentry","description-off"],"yoast_head":"<!-- This site is optimized with the Yoast SEO plugin v27.4 - https:\/\/yoast.com\/product\/yoast-seo-wordpress\/ -->\n<title>C\u00e2mera ao Vivo do Telef\u00e9rico - Bariloche, Patagonia Argentina<\/title>\n<meta name=\"description\" content=\"C\u00e2mera ao vivo com vista para o Telef\u00e9rico - Cerro Catedral - Bariloche. Planeje suas f\u00e9rias, comece sua viagem aqui. Alugue um carro, reserve seu hotel e excurs\u00f5es!\" \/>\n<meta name=\"robots\" content=\"index, follow, max-snippet:-1, max-image-preview:large, max-video-preview:-1\" \/>\n<link rel=\"canonical\" href=\"https:\/\/bariloche.org\/brasil\/camera-ao-vivo-do-teleferico\/\" \/>\n<meta property=\"og:locale\" content=\"pt_BR\" \/>\n<meta property=\"og:type\" content=\"article\" \/>\n<meta property=\"og:title\" content=\"C\u00e2mera ao Vivo do Telef\u00e9rico - Bariloche, Patagonia Argentina\" \/>\n<meta property=\"og:description\" content=\"C\u00e2mera ao vivo com vista para o Telef\u00e9rico - Cerro Catedral - Bariloche. Planeje suas f\u00e9rias, comece sua viagem aqui. Alugue um carro, reserve seu hotel e excurs\u00f5es!\" \/>\n<meta property=\"og:url\" content=\"https:\/\/bariloche.org\/brasil\/camera-ao-vivo-do-teleferico\/\" \/>\n<meta property=\"og:site_name\" content=\"Acomoda\u00e7\u00f5es em Bariloche, Aluguel de Carros, Excurs\u00f5es - Patagonia Argentina\" \/>\n<meta property=\"article:publisher\" content=\"https:\/\/www.facebook.com\/www.bariloche.org\" \/>\n<meta property=\"article:modified_time\" content=\"2025-09-04T13:29:14+00:00\" \/>\n<meta name=\"twitter:card\" content=\"summary_large_image\" \/>\n<meta name=\"twitter:site\" content=\"@bariloche\" \/>\n<meta name=\"twitter:label1\" content=\"Est. tempo de leitura\" \/>\n\t<meta name=\"twitter:data1\" content=\"1 minuto\" \/>\n<script type=\"application\/ld+json\" class=\"yoast-schema-graph\">{\"@context\":\"https:\\\/\\\/schema.org\",\"@graph\":[{\"@type\":\"WebPage\",\"@id\":\"https:\\\/\\\/bariloche.org\\\/brasil\\\/camera-ao-vivo-do-teleferico\\\/\",\"url\":\"https:\\\/\\\/bariloche.org\\\/brasil\\\/camera-ao-vivo-do-teleferico\\\/\",\"name\":\"C\u00e2mera ao Vivo do Telef\u00e9rico - Bariloche, Patagonia Argentina\",\"isPartOf\":{\"@id\":\"https:\\\/\\\/bariloche.org\\\/brasil\\\/#website\"},\"datePublished\":\"2015-08-06T18:53:24+00:00\",\"dateModified\":\"2025-09-04T13:29:14+00:00\",\"description\":\"C\u00e2mera ao vivo com vista para o Telef\u00e9rico - Cerro Catedral - Bariloche. Planeje suas f\u00e9rias, comece sua viagem aqui. Alugue um carro, reserve seu hotel e excurs\u00f5es!\",\"breadcrumb\":{\"@id\":\"https:\\\/\\\/bariloche.org\\\/brasil\\\/camera-ao-vivo-do-teleferico\\\/#breadcrumb\"},\"inLanguage\":\"pt-BR\",\"potentialAction\":[{\"@type\":\"ReadAction\",\"target\":[\"https:\\\/\\\/bariloche.org\\\/brasil\\\/camera-ao-vivo-do-teleferico\\\/\"]}]},{\"@type\":\"BreadcrumbList\",\"@id\":\"https:\\\/\\\/bariloche.org\\\/brasil\\\/camera-ao-vivo-do-teleferico\\\/#breadcrumb\",\"itemListElement\":[{\"@type\":\"ListItem\",\"position\":1,\"name\":\"Bariloche.Org\",\"item\":\"https:\\\/\\\/bariloche.org\\\/brasil\\\/\"},{\"@type\":\"ListItem\",\"position\":2,\"name\":\"C\u00e2mera ao Vivo do Telef\u00e9rico\"}]},{\"@type\":\"WebSite\",\"@id\":\"https:\\\/\\\/bariloche.org\\\/brasil\\\/#website\",\"url\":\"https:\\\/\\\/bariloche.org\\\/brasil\\\/\",\"name\":\"Acomoda\u00e7\u00f5es em Bariloche, Aluguel de Carros, Excurs\u00f5es - Patagonia Argentina\",\"description\":\"Bariloche: Hot\u00e9is, Bangal\u00f4s e Cabines, Aluguel de Carros, Excurs\u00f5es\",\"publisher\":{\"@id\":\"https:\\\/\\\/bariloche.org\\\/brasil\\\/#organization\"},\"potentialAction\":[{\"@type\":\"SearchAction\",\"target\":{\"@type\":\"EntryPoint\",\"urlTemplate\":\"https:\\\/\\\/bariloche.org\\\/brasil\\\/?s={search_term_string}\"},\"query-input\":{\"@type\":\"PropertyValueSpecification\",\"valueRequired\":true,\"valueName\":\"search_term_string\"}}],\"inLanguage\":\"pt-BR\"},{\"@type\":\"Organization\",\"@id\":\"https:\\\/\\\/bariloche.org\\\/brasil\\\/#organization\",\"name\":\"Bariloche.Org - Patagonia Argentina\",\"url\":\"https:\\\/\\\/bariloche.org\\\/brasil\\\/\",\"logo\":{\"@type\":\"ImageObject\",\"inLanguage\":\"pt-BR\",\"@id\":\"https:\\\/\\\/bariloche.org\\\/brasil\\\/#\\\/schema\\\/logo\\\/image\\\/\",\"url\":\"https:\\\/\\\/bariloche.org\\\/brasil\\\/wp-content\\\/uploads\\\/2017\\\/04\\\/logo-org.png\",\"contentUrl\":\"https:\\\/\\\/bariloche.org\\\/brasil\\\/wp-content\\\/uploads\\\/2017\\\/04\\\/logo-org.png\",\"width\":400,\"height\":86,\"caption\":\"Bariloche.Org - Patagonia Argentina\"},\"image\":{\"@id\":\"https:\\\/\\\/bariloche.org\\\/brasil\\\/#\\\/schema\\\/logo\\\/image\\\/\"},\"sameAs\":[\"https:\\\/\\\/www.facebook.com\\\/www.bariloche.org\",\"https:\\\/\\\/x.com\\\/bariloche\",\"https:\\\/\\\/www.instagram.com\\\/bariloche_org\\\/\",\"https:\\\/\\\/www.pinterest.com\\\/barilocheorg\\\/\",\"https:\\\/\\\/www.youtube.com\\\/c\\\/BarilocheOrg-Patagonia\"]}]}<\/script>\n<!-- \/ Yoast SEO plugin. -->","yoast_head_json":{"title":"C\u00e2mera ao Vivo do Telef\u00e9rico - Bariloche, Patagonia Argentina","description":"C\u00e2mera ao vivo com vista para o Telef\u00e9rico - Cerro Catedral - Bariloche. Planeje suas f\u00e9rias, comece sua viagem aqui. Alugue um carro, reserve seu hotel e excurs\u00f5es!","robots":{"index":"index","follow":"follow","max-snippet":"max-snippet:-1","max-image-preview":"max-image-preview:large","max-video-preview":"max-video-preview:-1"},"canonical":"https:\/\/bariloche.org\/brasil\/camera-ao-vivo-do-teleferico\/","og_locale":"pt_BR","og_type":"article","og_title":"C\u00e2mera ao Vivo do Telef\u00e9rico - Bariloche, Patagonia Argentina","og_description":"C\u00e2mera ao vivo com vista para o Telef\u00e9rico - Cerro Catedral - Bariloche. Planeje suas f\u00e9rias, comece sua viagem aqui. Alugue um carro, reserve seu hotel e excurs\u00f5es!","og_url":"https:\/\/bariloche.org\/brasil\/camera-ao-vivo-do-teleferico\/","og_site_name":"Acomoda\u00e7\u00f5es em Bariloche, Aluguel de Carros, Excurs\u00f5es - Patagonia Argentina","article_publisher":"https:\/\/www.facebook.com\/www.bariloche.org","article_modified_time":"2025-09-04T13:29:14+00:00","twitter_card":"summary_large_image","twitter_site":"@bariloche","twitter_misc":{"Est. tempo de leitura":"1 minuto"},"schema":{"@context":"https:\/\/schema.org","@graph":[{"@type":"WebPage","@id":"https:\/\/bariloche.org\/brasil\/camera-ao-vivo-do-teleferico\/","url":"https:\/\/bariloche.org\/brasil\/camera-ao-vivo-do-teleferico\/","name":"C\u00e2mera ao Vivo do Telef\u00e9rico - Bariloche, Patagonia Argentina","isPartOf":{"@id":"https:\/\/bariloche.org\/brasil\/#website"},"datePublished":"2015-08-06T18:53:24+00:00","dateModified":"2025-09-04T13:29:14+00:00","description":"C\u00e2mera ao vivo com vista para o Telef\u00e9rico - Cerro Catedral - Bariloche. Planeje suas f\u00e9rias, comece sua viagem aqui. Alugue um carro, reserve seu hotel e excurs\u00f5es!","breadcrumb":{"@id":"https:\/\/bariloche.org\/brasil\/camera-ao-vivo-do-teleferico\/#breadcrumb"},"inLanguage":"pt-BR","potentialAction":[{"@type":"ReadAction","target":["https:\/\/bariloche.org\/brasil\/camera-ao-vivo-do-teleferico\/"]}]},{"@type":"BreadcrumbList","@id":"https:\/\/bariloche.org\/brasil\/camera-ao-vivo-do-teleferico\/#breadcrumb","itemListElement":[{"@type":"ListItem","position":1,"name":"Bariloche.Org","item":"https:\/\/bariloche.org\/brasil\/"},{"@type":"ListItem","position":2,"name":"C\u00e2mera ao Vivo do Telef\u00e9rico"}]},{"@type":"WebSite","@id":"https:\/\/bariloche.org\/brasil\/#website","url":"https:\/\/bariloche.org\/brasil\/","name":"Acomoda\u00e7\u00f5es em Bariloche, Aluguel de Carros, Excurs\u00f5es - Patagonia Argentina","description":"Bariloche: Hot\u00e9is, Bangal\u00f4s e Cabines, Aluguel de Carros, Excurs\u00f5es","publisher":{"@id":"https:\/\/bariloche.org\/brasil\/#organization"},"potentialAction":[{"@type":"SearchAction","target":{"@type":"EntryPoint","urlTemplate":"https:\/\/bariloche.org\/brasil\/?s={search_term_string}"},"query-input":{"@type":"PropertyValueSpecification","valueRequired":true,"valueName":"search_term_string"}}],"inLanguage":"pt-BR"},{"@type":"Organization","@id":"https:\/\/bariloche.org\/brasil\/#organization","name":"Bariloche.Org - Patagonia Argentina","url":"https:\/\/bariloche.org\/brasil\/","logo":{"@type":"ImageObject","inLanguage":"pt-BR","@id":"https:\/\/bariloche.org\/brasil\/#\/schema\/logo\/image\/","url":"https:\/\/bariloche.org\/brasil\/wp-content\/uploads\/2017\/04\/logo-org.png","contentUrl":"https:\/\/bariloche.org\/brasil\/wp-content\/uploads\/2017\/04\/logo-org.png","width":400,"height":86,"caption":"Bariloche.Org - Patagonia Argentina"},"image":{"@id":"https:\/\/bariloche.org\/brasil\/#\/schema\/logo\/image\/"},"sameAs":["https:\/\/www.facebook.com\/www.bariloche.org","https:\/\/x.com\/bariloche","https:\/\/www.instagram.com\/bariloche_org\/","https:\/\/www.pinterest.com\/barilocheorg\/","https:\/\/www.youtube.com\/c\/BarilocheOrg-Patagonia"]}]}},"_links":{"self":[{"href":"https:\/\/bariloche.org\/brasil\/wp-json\/wp\/v2\/pages\/93","targetHints":{"allow":["GET"]}}],"collection":[{"href":"https:\/\/bariloche.org\/brasil\/wp-json\/wp\/v2\/pages"}],"about":[{"href":"https:\/\/bariloche.org\/brasil\/wp-json\/wp\/v2\/types\/page"}],"author":[{"embeddable":true,"href":"https:\/\/bariloche.org\/brasil\/wp-json\/wp\/v2\/users\/1"}],"replies":[{"embeddable":true,"href":"https:\/\/bariloche.org\/brasil\/wp-json\/wp\/v2\/comments?post=93"}],"version-history":[{"count":50,"href":"https:\/\/bariloche.org\/brasil\/wp-json\/wp\/v2\/pages\/93\/revisions"}],"predecessor-version":[{"id":4774,"href":"https:\/\/bariloche.org\/brasil\/wp-json\/wp\/v2\/pages\/93\/revisions\/4774"}],"wp:attachment":[{"href":"https:\/\/bariloche.org\/brasil\/wp-json\/wp\/v2\/media?parent=93"}],"curies":[{"name":"wp","href":"https:\/\/api.w.org\/{rel}","templated":true}]}}